{"id":2939,"date":"2018-10-06T20:49:45","date_gmt":"2018-10-06T20:49:45","guid":{"rendered":"http:\/\/hausarztpraxis-preetz.de\/?page_id=2939"},"modified":"2026-04-07T22:55:31","modified_gmt":"2026-04-07T22:55:31","slug":"impressum","status":"publish","type":"page","link":"https:\/\/hausarztpraxis-preetz.de\/?page_id=2939","title":{"rendered":"Impressum"},"content":{"rendered":"<p><strong>Katharina Wagner &amp; Team<\/strong><br \/>Haus\u00e4rztliche Praxis<br \/>Markt 9<br \/>24211 Preetz<\/p>\n<p>Tel:. 04342 9555<br \/>Fax: 04342 9556<br \/>E-Mail: <a href=\"mailto:info@hausarztpraxis-preetz.de\">info@hausarztpraxis-preetz.de<\/a><\/p>\n<p><strong>Verantwortlich f\u00fcr den Inhalt des Internet-Auftritts:<br \/><\/strong>Katharina Wagner<\/p>\n<p><strong>Berufsbezeichnung: <\/strong><br \/>\u00c4rztin<\/p>\n<p><strong>Staat, in dem die Berufsbezeichnung erworben wurde:<\/strong><br \/>Bundesrepublik Deutschland<\/p>\n<p><strong>Zust\u00e4ndige \u00c4rztekammer:<\/strong><\/p>\n<p><a href=\"http:\/\/www.aeksh.de\/\">\u00c4rztekammer Schleswig-Holstein<\/a><\/p>\n<p><a href=\"http:\/\/www.kvsh.de\/\">Kassen\u00e4rztliche Vereinigung Schleswig-Holstein<\/a><\/p>\n<p><a href=\"http:\/\/www.aeksh.de\/aerzte\/arzt_und_recht\/rechtsgrundlagen\/heilberufekammergesetz\/heilberufekammergesetz.html\">Informationen zur Berufsordnung<\/a><\/p>\n<p><a href=\"http:\/\/www.aeksh.de\/aerzte\/arzt_und_recht\/rechtsgrundlagen\/heilberufekammergesetz\/heilberufekammergesetz.html\">Informationen zum Heilberufegesetz<\/a><\/p>\n<p>Die Praxis Katharina Wagner &amp; Team hat auf den Seiten ihres Internetauftritts Links zu Seiten anderer Anbieter gesetzt. Wir erkl\u00e4ren hiermit ausdr\u00fccklich, dass wir keinerlei Einfluss auf die Gestaltung und die Inhalte der gelinkten Seiten haben. Wir \u00fcbernehmen daher keinerlei Haftung f\u00fcr jedwede Aussage, die auf den von uns gelinkten Seiten getroffen wird und distanzieren uns hiermit ausdr\u00fccklich von allen Inhalten aller gelinkten Seiten und machen uns diese Inhalte nicht zu Eigen. Die verlinkten Seiten wurden zum Zeitpunkt der Verlinkung auf m\u00f6gliche Rechtsverst\u00f6\u00dfe \u00fcberpr\u00fcft. Zu diesem Zeitpunkt waren keine Rechtsverst\u00f6\u00dfe ersichtlich. Diese Erkl\u00e4rung gilt f\u00fcr alle auf unserer Internetpr\u00e4senz angebrachten Links und f\u00fcr alle Inhalte der Seiten, zu denen die bei uns angebrachten Links und Banner f\u00fchren.<br \/>[Erkl\u00e4rung im Sinne des Urteils des Landgerichts Hamburg vom 12. Mai 1998]<br \/>Wir sind bestrebt, in allen Publikationen die Urheberrechte der verwendeten Grafiken, Tondokumente, Videosequenzen und Texte zu beachten, von uns selbst erstellte Grafiken, Tondokumente, Videosequenzen und Texte zu nutzen oder auf lizenzfreie Grafiken, Tondokumente, Videosequenzen und Texte zur\u00fcckzugreifen. Alle innerhalb des Internetangebotes genannten und ggf. durch Dritte gesch\u00fctzten Marken- und Warenzeichen unterliegen uneingeschr\u00e4nkt den Bestimmungen des jeweils g\u00fcltigen Kennzeichenrechts und den Besitzrechten der jeweiligen eingetragenen Eigent\u00fcmer. Allein aufgrund der blo\u00dfen Nennung ist nicht der Schluss zu ziehen, dass Markenzeichen nicht durch Rechte Dritter gesch\u00fctzt sind! Das Copyright f\u00fcr ver\u00f6ffentlichte, durch die Praxis Katharina Wagner &amp; Team selbst erstellte Objekte bleibt allein bei uns. Eine Vervielf\u00e4ltigung oder Verwendung solcher Grafiken, Tondokumente, Videosequenzen und Texte in anderen elektronischen oder gedruckten Publikationen ist ohne unsere ausdr\u00fcckliche Zustimmung nicht gestattet.<\/p>\n<p>Die Inhalte dieser Webseite sind mit gr\u00f6\u00dfter Sorgfalt erstellt. F\u00fcr die Richtigkeit, Vollst\u00e4ndigkeit und Aktualit\u00e4t der bereitgestellten Inhalte \u00fcbernimmt die Praxis Katharina Wagner &amp; Team jedoch keine Gew\u00e4hr. Aus diesem Grund sind Haftungsanspr\u00fcche gegen Katharina Wagner, die sich auf eventuelle Sch\u00e4den materieller oder immaterieller Art beziehen, die durch die Nutzung oder Nichtnutzung der dargebotenen Informationen, bzw. durch die Nutzung fehlerhafter und unvollst\u00e4ndiger Informationen verursacht wurden, grunds\u00e4tzlich ausgeschlossen.<\/p>\n<p>Alle Angebote auf dieser Webseite sind freibleibend und unverbindlich. Die Praxis Katharina Wagner &amp; Team beh\u00e4lt es sich ausdr\u00fccklich vor, Teile oder die gesamte Webseite ohne gesonderte Ank\u00fcndigung zu ver\u00e4ndern, zu erg\u00e4nzen, zu l\u00f6schen oder die Ver\u00f6ffentlichung zeitweise oder endg\u00fcltig einzustellen.<\/p>\n<p><strong>Konzept, Gestaltung, Realisierung:<br \/><\/strong>Michael Held Gestaltung + Fotografie, Fargau<\/p>\n<p><strong>Inhaltliche Bearbeitung:<br \/><\/strong>Dr. Jan-Martin Wagner, Kiel<\/p>\n<p><strong>E-Mail: <\/strong><br \/>Sollten Sie sich per E-Mail an uns wenden, wird Ihre Mail vertraulich behandelt. Ihre Mail und die Antwort, die Sie von uns erhalten, werden vorr\u00fcbergehend vorgehalten, soweit es der Fortgang der Korrespondenz erforderlich erscheinen l\u00e4sst. Sp\u00e4ter werden die Emails und Ihre pers\u00f6nlichen Angaben gel\u00f6scht.<\/p>\n<p><strong>Briefpost: <\/strong><br \/>Wenn Sie sich per Briefpost an uns wenden, wird Ihre Postadresse nur insoweit gespeichert, wie es zur Erf\u00fcllung Ihres Anliegens erforderlich ist. Auch die Briefpost wird vertraulich behandelt.<\/p>\n<p><strong>Telefon:<\/strong><br \/>W\u00fcnschen Sie ein Gespr\u00e4ch, werden am Telefon Ihr Name und Ihre Telefonnummer erfasst, damit wir Ihr Anliegen bearbeiten k\u00f6nnen. Nach einem Tag werden diese Angaben gel\u00f6scht.<\/p>\n<p><strong>Ausnahmen:<\/strong><br \/>Sollten Sie eine Speicherung Ihrer Adresse ausdr\u00fccklich w\u00fcnschen, weil sie z.B. kontinuierlich Informationen von uns erhalten wollen, speichern wir sie, solange Sie es m\u00f6chten. Sie haben jederzeit das Recht auf Widerruf.<\/p>\n<p><strong>Weitergabe der Daten an Dritte:<\/strong><br \/>Ihre Angaben werden nicht an Dritte weitergegeben.<\/p>\n<p><strong>Transparenz von Sponsoren:<\/strong><br \/>Diese Webseite wird ausschlie\u00dflich durch die Praxis Katharina Wagner &amp; Team finanziert. Unsere Webseite beherbergt keine Werbung in jeglicher Form.<\/p>\n<p>Stand: 07.04.2026<\/p>\n<p><strong>Bildnachweise:<br \/><\/strong>Alle Zeichnungen \u00a9 Claudia M. Broich, ## | <a href=\"http:\/\/www.michaelheld.de\" target=\"_blank\" rel=\"noopener noreferrer\">www.michaelheld.de<\/a><strong><br \/><\/strong><\/p>\n\n\n<p><\/p>\n","protected":false},"excerpt":{"rendered":"<p>Katharina Wagner &amp; TeamHaus\u00e4rztliche PraxisMarkt 924211 Preetz Tel:. 04342 9555Fax: 04342 9556E-Mail: info@hausarztpraxis-preetz.de Verantwortlich f\u00fcr den Inhalt des Internet-Auftritts:Katharina Wagner Berufsbezeichnung: \u00c4rztin Staat, in dem die Berufsbezeichnung erworben wurde:Bundesrepublik Deutschland Zust\u00e4ndige \u00c4rztekammer: \u00c4rztekammer Schleswig-Holstein Kassen\u00e4rztliche Vereinigung Schleswig-Holstein Informationen zur Berufsordnung Informationen zum Heilberufegesetz Die Praxis Katharina Wagner &amp; Team hat auf den Seiten ihres Internetauftritts [&hellip;]<\/p>\n","protected":false},"author":1,"featured_media":0,"parent":0,"menu_order":0,"comment_status":"closed","ping_status":"closed","template":"","meta":{"footnotes":""},"class_list":["post-2939","page","type-page","status-publish","hentry"],"_links":{"self":[{"href":"https:\/\/hausarztpraxis-preetz.de\/index.php?rest_route=\/wp\/v2\/pages\/2939","targetHints":{"allow":["GET"]}}],"collection":[{"href":"https:\/\/hausarztpraxis-preetz.de\/index.php?rest_route=\/wp\/v2\/pages"}],"about":[{"href":"https:\/\/hausarztpraxis-preetz.de\/index.php?rest_route=\/wp\/v2\/types\/page"}],"author":[{"embeddable":true,"href":"https:\/\/hausarztpraxis-preetz.de\/index.php?rest_route=\/wp\/v2\/users\/1"}],"replies":[{"embeddable":true,"href":"https:\/\/hausarztpraxis-preetz.de\/index.php?rest_route=%2Fwp%2Fv2%2Fcomments&post=2939"}],"version-history":[{"count":13,"href":"https:\/\/hausarztpraxis-preetz.de\/index.php?rest_route=\/wp\/v2\/pages\/2939\/revisions"}],"predecessor-version":[{"id":3150,"href":"https:\/\/hausarztpraxis-preetz.de\/index.php?rest_route=\/wp\/v2\/pages\/2939\/revisions\/3150"}],"wp:attachment":[{"href":"https:\/\/hausarztpraxis-preetz.de\/index.php?rest_route=%2Fwp%2Fv2%2Fmedia&parent=2939"}],"curies":[{"name":"wp","href":"https:\/\/api.w.org\/{rel}","templated":true}]}}